{"id":9871,"date":"2021-07-05T20:05:51","date_gmt":"2021-07-05T17:05:51","guid":{"rendered":"https:\/\/dinarsu.com.tr\/video\/"},"modified":"2023-02-21T10:50:46","modified_gmt":"2023-02-21T07:50:46","slug":"video","status":"publish","type":"page","link":"https:\/\/dinarsu.com.tr\/en\/video\/","title":{"rendered":"Video"},"content":{"rendered":"\r\n<p><iframe loading=\"lazy\" src=\"https:\/\/player.vimeo.com\/video\/424089915\" width=\"1200\" height=\"600\" frameborder=\"0\" allowfullscreen=\"allowfullscreen\"><\/iframe><\/p>\r\n\r\n\r\n\r\n<p class=\"has-text-align-center\">D\u0130NARSU<\/p>\r\n\r\n\r\n\r\n<figure class=\"wp-block-embed is-type-video is-provider-vimeo wp-block-embed-vimeo\">\r\n<div class=\"wp-block-embed__wrapper\">https:\/\/player.vimeo.com\/video\/359712861<\/div>\r\n<\/figure>\r\n\r\n\r\n\r\n<p class=\"has-text-align-center\">Mehmet Erdemo\u011flu Vakf\u0131 Tan\u0131t\u0131m Videosu<\/p>\r\n\r\n\r\n\r\n<figure class=\"wp-block-embed is-type-video is-provider-vimeo wp-block-embed-vimeo\">\r\n<div class=\"wp-block-embed__wrapper\">https:\/\/player.vimeo.com\/video\/253416936<\/div>\r\n<\/figure>\r\n\r\n\r\n\r\n<p class=\"has-text-align-center\">D\u0130NARSU<\/p>\r\n","protected":false},"excerpt":{"rendered":"<p>D\u0130NARSU Mehmet Erdemo\u011flu Vakf\u0131 Tan\u0131t\u0131m Videosu D\u0130NARSU<\/p>\n","protected":false},"author":1,"featured_media":10029,"parent":0,"menu_order":0,"comment_status":"closed","ping_status":"closed","template":"videos.php","meta":[],"acf":[],"_links":{"self":[{"href":"https:\/\/dinarsu.com.tr\/en\/wp-json\/wp\/v2\/pages\/9871"}],"collection":[{"href":"https:\/\/dinarsu.com.tr\/en\/wp-json\/wp\/v2\/pages"}],"about":[{"href":"https:\/\/dinarsu.com.tr\/en\/wp-json\/wp\/v2\/types\/page"}],"author":[{"embeddable":true,"href":"https:\/\/dinarsu.com.tr\/en\/wp-json\/wp\/v2\/users\/1"}],"replies":[{"embeddable":true,"href":"https:\/\/dinarsu.com.tr\/en\/wp-json\/wp\/v2\/comments?post=9871"}],"version-history":[{"count":7,"href":"https:\/\/dinarsu.com.tr\/en\/wp-json\/wp\/v2\/pages\/9871\/revisions"}],"predecessor-version":[{"id":10771,"href":"https:\/\/dinarsu.com.tr\/en\/wp-json\/wp\/v2\/pages\/9871\/revisions\/10771"}],"wp:featuredmedia":[{"embeddable":true,"href":"https:\/\/dinarsu.com.tr\/en\/wp-json\/wp\/v2\/media\/10029"}],"wp:attachment":[{"href":"https:\/\/dinarsu.com.tr\/en\/wp-json\/wp\/v2\/media?parent=9871"}],"curies":[{"name":"wp","href":"https:\/\/api.w.org\/{rel}","templated":true}]}}