{"id":9566,"date":"2021-05-10T05:18:59","date_gmt":"2021-05-10T02:18:59","guid":{"rendered":"https:\/\/dinarsu.com.tr\/?page_id=9566"},"modified":"2021-08-31T14:46:17","modified_gmt":"2021-08-31T11:46:17","slug":"kisisel-verilen-korunma-politikasi","status":"publish","type":"page","link":"https:\/\/dinarsu.com.tr\/en\/kisisel-verilen-korunma-politikasi\/","title":{"rendered":"Personal Data Protection Policy"},"content":{"rendered":"\n<p><strong>Personal Data Protection Policy<\/strong><\/p>\n\n\n\n<p>Dinarsu \u0130malat ve Tic. T.A.\u015e. gives great importance and priority to the protection of personal data. With this Personal Data Protection Policy; The process of protecting the personal data of company employees, subcontractor employees, job applicants, interns, visitors, suppliers, third parties and customers will be managed.<\/p>\n\n\n\n<p>The main purpose of Dinarsu \u0130malat ve Tic. T.A.\u015e., who is the Data Controller, in implementing this Policy is the administrative and technical measures taken within the scope of the personal data processing and data protection activity carried out in accordance with the law and the company employees, subcontractor employees, job applicants, interns, visitors, suppliers, third parties. and to ensure the security of personal data of customers that are processed automatically or non-automatically, provided that they are part of any data recording system.<\/p>\n\n\n\n<p>Within the scope of this Policy, studies are carried out on the following basic principles adopted by Dinarsu \u0130malat ve Tic. T.A.\u015e:<\/p>\n\n\n\n<p>Processing personal data in accordance with the law and integrity rules,<\/p>\n\n\n\n<p>Keeping Personal Data Accurate and Up-to-Date as Required<\/p>\n\n\n\n<p>Processing personal data for specific, explicit and legitimate purposes,<\/p>\n\n\n\n<p>Processing personal data in connection with the purpose for which they are processed, in limited and proper manner,<\/p>\n\n\n\n<p>Retaining all personal data only for the period required by the relevant legislation or for the purpose for which they are processed.<\/p>\n\n\n\n<p>Enlightening and informing personal data subjects,<\/p>\n\n\n\n<p>Establishing the necessary system for personal data subjects to exercise their rights,<\/p>\n\n\n\n<p>Taking the necessary measures in the protection of personal data,<\/p>\n\n\n\n<p>To act in accordance with the relevant legislation and KVK Board regulations in the transfer of personal data to third parties in line with the requirements of the processing purpose,<\/p>\n\n\n\n<p>Showing the necessary sensitivity to the processing and protection of sensitive personal data.<\/p>\n\n\n\n<p>The relevant legal regulations in force regarding the processing and protection of personal data are primarily applied. In case of inconsistency between the current legislation and the Policy, Dinarsu \u0130malat ve Tic. T.A.\u015e. accepts that the current legislation will find an area of application.<\/p>\n\n\n\n<p><strong>CLARIFICATION TEXT ON PROTECTION OF PERSONAL DATA<\/strong><\/p>\n\n\n\n<p>This information and explanations are provided by our company Dinarsu \u0130malat ve Tic. T.A.\u015e. within the scope of the Law on Protection of Personal Data No. 6698 and other relevant legislation. Your personal data may be processed by Dinarsu \u0130malat ve Tic. T.A.\u015e. within the scope of the Law No. 6698 on the Protection of Personal Data (\u201cLaw\u201d). Within the scope of the law, Dinarsu \u0130malat ve Tic. T.A.\u015e. is designated as the data controller.<\/p>\n\n\n\n<p>You can visit our company&#8217;s website without the need to share your personal data. However, when you want to make a transaction on our website and you want to use the applications available on our website, your name, surname, contact information and other personal data necessary for this transaction may be requested. Our company shall not process your requested information in any way other than the provisions of the Personal Data Protection Law No. 6698 and other relevant legislation, and this information shall be under our guarantee.<\/p>\n\n\n\n<p>By accessing the available applications using this site, you shall be deemed to have agreed to consent to the processing of your data. If you do not accept the terms of these applications, please do not use this site and do not provide any personal data.<\/p>\n\n\n\n<p>In case of linking to other internet pages through our company&#8217;s website, our company cannot be held legally responsible for the privacy, content and practices of these websites. Therefore, it is your responsibility to use these sites or to control the personal data processing policies of these sites.<\/p>\n\n\n\n<p>Your personal data, obtained both through your use on our website and through other legal means, shall be collected and processed only for the purpose of the requested and used transaction. Our company, in order to fulfill its obligations and to serve you better, may process your data, and may retain your personal data until the reasons for the processing of the data about you disappear, that you provide in relation with your applications and\/or contracts that you may sign, to comply with the information storage, reporting, archiving, information obligations stipulated by the state authorities, with grounds of risk monitoring and prevention reasons in accordance with the relevant legislation and signed contracts, to carry out security measures for all administrative buildings and facilities in order to protect yarn and carpet production and related customs and foreign trade transactions and electronic information assets of activities such as logistics, storage, accounting, human resources, finance and information processing related to these transactions. and to follow up, to ensure that the personal data brought by the said law are constantly correct and up-to-date. Your processed personal data may only be transferred to domestic and foreign third parties in the country and abroad for these purposes, in relation to our Company&#8217;s field of activity and only within the framework permitted by the aforementioned legislation.<\/p>\n\n\n\n<p>Your personal data may be shared with Dinarsu \u0130malat ve Tic. T.A.\u015e. group companies and shareholders, business partners, suppliers, external service providers and legally authorized public institutions and organizations in accordance with the conditions specified in Articles 8 and 9 of the Law. The addressees of your personal data are limited only to those who are authorized to know your data due to their position and duty. Our company has implemented internal and external protection measures to ensure the confidentiality, security and integrity of personal data. Among these, there are all kinds of technical and physical security measures to ensure the protection of information systems containing personal data against unauthorized access, cyber-attacks and illegal data processing.<\/p>\n\n\n\n<p>You have right to learn whether your personal data is processed, to request information about your processed personal data, to learn whether it is used in accordance with the purpose of processing, to know the third parties to which your personal data is transferred, to request correction of your personal data in case of incomplete or incorrect processing, to eliminate the reasons that require processing even though it has been processed in accordance with the law. to request the deletion or destruction of personal data ex officio or upon request, to request that the transactions made upon this request be notified to the third parties to whom the personal data is transferred, when requested to correct, delete or destroy personal data, to object to the emergence of a result against you by analyzing your processed personal data exclusively through automated systems.<\/p>\n\n\n\n<p>The contact information of our Company, which is the data controller who will process your personal data, is provided for your information below for all kinds of communication, complaints and application rights, and you can follow the updates and changes to be made in the legislation on this subject on our website.<\/p>\n\n\n\n<p><strong>Address:<\/strong>&nbsp;Organize Sanayi B\u00f6lgesi Y\u0131ld\u0131r\u0131m Beyaz\u0131t Mah. 7.Cadde No:73 &nbsp;\u00c7erkezk\u00f6y\/Tekirda\u011f<\/p>\n\n\n\n<p><a href=\"http:\/\/www.dinarsu.com.tr\">www.dinarsu.com.tr<\/a><\/p>\n\n\n\n<p><strong>Tel:&nbsp;<\/strong>0 282 7266020 (pbx)<\/p>\n\n\n\n<p>In order for us to respond to your applications, you must state your identity and contact information fully and clearly in your applications, and you must also have applied to our company through one of the following ways:<\/p>\n\n\n\n<p>Application by hand or in person with confirmation of identity to the above-mentioned address,<\/p>\n\n\n\n<p>Notification through a notary<\/p>\n\n\n\n<p>Application by registered mail with return receipt,<\/p>\n\n\n\n<p>Application to the above mentioned e-mail addresses in writing and using a secure electronic signature.<\/p>\n\n\n\n<p>We kindly forward the circumstance to the information of our customers and the public.<\/p>\n\n\n\n<p>With our best regards,<\/p>\n\n\n\n<p><a rel=\"noreferrer noopener\" href=\"https:\/\/www.dinarsu.com.tr\/assets\/images\/KVKK_Basvuru_Formu.pdf\" target=\"_blank\">KVKK APPLICATION FORM<\/a> <\/p>\n","protected":false},"excerpt":{"rendered":"<p>Personal Data Protection Policy Dinarsu \u0130malat ve Tic. T.A.\u015e. gives great importance and priority to the protection of personal data. With this Personal Data Protection Policy; The process of protecting the personal data of company employees, subcontractor employees, job applicants, interns, visitors, suppliers, third parties and customers will be managed. The main purpose of Dinarsu [&hellip;]<\/p>\n","protected":false},"author":1,"featured_media":9989,"parent":0,"menu_order":0,"comment_status":"closed","ping_status":"closed","template":"corporate.php","meta":[],"acf":[],"_links":{"self":[{"href":"https:\/\/dinarsu.com.tr\/en\/wp-json\/wp\/v2\/pages\/9566"}],"collection":[{"href":"https:\/\/dinarsu.com.tr\/en\/wp-json\/wp\/v2\/pages"}],"about":[{"href":"https:\/\/dinarsu.com.tr\/en\/wp-json\/wp\/v2\/types\/page"}],"author":[{"embeddable":true,"href":"https:\/\/dinarsu.com.tr\/en\/wp-json\/wp\/v2\/users\/1"}],"replies":[{"embeddable":true,"href":"https:\/\/dinarsu.com.tr\/en\/wp-json\/wp\/v2\/comments?post=9566"}],"version-history":[{"count":3,"href":"https:\/\/dinarsu.com.tr\/en\/wp-json\/wp\/v2\/pages\/9566\/revisions"}],"predecessor-version":[{"id":10109,"href":"https:\/\/dinarsu.com.tr\/en\/wp-json\/wp\/v2\/pages\/9566\/revisions\/10109"}],"wp:featuredmedia":[{"embeddable":true,"href":"https:\/\/dinarsu.com.tr\/en\/wp-json\/wp\/v2\/media\/9989"}],"wp:attachment":[{"href":"https:\/\/dinarsu.com.tr\/en\/wp-json\/wp\/v2\/media?parent=9566"}],"curies":[{"name":"wp","href":"https:\/\/api.w.org\/{rel}","templated":true}]}}