{"id":11265,"date":"2024-02-01T09:40:08","date_gmt":"2024-02-01T06:40:08","guid":{"rendered":"https:\/\/dinarsu.com.tr\/?page_id=11265"},"modified":"2024-02-01T10:34:11","modified_gmt":"2024-02-01T07:34:11","slug":"hali-bakimi-kullanim-klavuzu","status":"publish","type":"page","link":"https:\/\/dinarsu.com.tr\/en\/hali-bakimi-kullanim-klavuzu\/","title":{"rendered":"Hal\u0131 Bak\u0131m\u0131 Kullan\u0131m K\u0131lavuzu"},"content":{"rendered":"\n<p>1- Hal\u0131 temizlenirken \u00e7\u0131rp\u0131lmamal\u0131, d\u00f6v\u00fclmemeli, g\u00fc\u00e7l\u00fc ve tercihen f\u0131r\u00e7al\u0131 elektrikli s\u00fcp\u00fcrge ile her g\u00fcn temizlenmelidir.<br>2- Hal\u0131n\u0131n \u00fczerine konan sert cisim ve e\u015fyalar uzun s\u00fcre ayn\u0131 yerde b\u0131rak\u0131lmamal\u0131 belli aral\u0131klarla hal\u0131n\u0131n ve e\u015fyan\u0131n yeri de\u011fi\u015ftirilmelidir.<br>3- Hal\u0131larda g\u00f6r\u00fclen g\u00f6lgelenmeler ve ayak izleri \u00fcretim kaynakl\u0131 bir sorun de\u011fildir. Bu durum hal\u0131n\u0131n kullan\u0131m yerinin trafik yo\u011funlu\u011funa, kullan\u0131lan elyaf\u0131n parlakl\u0131\u011f\u0131na ve desenin sadeli\u011fine g\u00f6re de\u011fi\u015febilir<br>4- Hal\u0131, soba ve benzeri \u0131s\u0131 cihazlar\u0131ndan uzak tutulmal\u0131 70\u00b0C ve \u00fczeri cisimlerle temas ettirilmemelidir. (su, \u00e7ay \u00fct\u00fc, vb.)<br>5- Hal\u0131 uzun s\u00fcre g\u00fcne\u015f \u0131\u015f\u0131\u011f\u0131 alt\u0131nda b\u0131rak\u0131lmamal\u0131d\u0131r.<br>6- Hal\u0131lar ta\u015f\u0131n\u0131rken veya muhafaza edilirken kesinlikle katlanmamal\u0131, her zaman sar\u0131m y\u00f6n\u00fcnde rulo halinde ta\u015f\u0131nmal\u0131 ve muhafaza ortam\u0131 rutubetli olmamal\u0131d\u0131r.<br>7- Hal\u0131 y\u0131kanmamal\u0131 silinerek temizlenmelidir, silme i\u015fleminde sadece hal\u0131 \u015fampuan\u0131 k\u00f6p\u00fc\u011f\u00fc kullan\u0131lmal\u0131d\u0131r, \u00e7ama\u015f\u0131r suyu tuz ruhu gibi sert y\u00fczey temizleyicilerinden uzak tutulmal\u0131d\u0131r.<br>8- Hal\u0131n\u0131n \u00fczerine d\u00f6k\u00fclen s\u0131v\u0131 hemen emici bez veya k\u00e2\u011f\u0131t havlu ile tampon yap\u0131larak hal\u0131dan emilmeli ve leke \u00e7\u0131karma talimatlar\u0131m\u0131zdaki gibi i\u015flem yap\u0131lmal\u0131d\u0131r.<br>9- Hal\u0131lar temizlendikten sonra tam kurutulmal\u0131 nemli b\u0131rak\u0131lmamal\u0131d\u0131r.<br>10- Tam anlam\u0131yla leke tutmayan hal\u0131 \u00fcretimi m\u00fcmk\u00fcn de\u011fildir. Hal\u0131 temizli\u011finde kullan\u0131lan suyun s\u0131cakl\u0131\u011f\u0131 40\u00b0C\u2019yi a\u015fmamal\u0131d\u0131r, hal\u0131 bak\u0131m\u0131 ve temizli\u011fi ile ilgili daha ayr\u0131nt\u0131l\u0131 bilgiye www.merinos.com.tr adresimizden ula\u015fabilirsiniz.<br>11- Kesik elyafla \u00fcretilmi\u015f hal\u0131larda bir miktar t\u00fcy d\u00f6k\u00fclmesi ka\u00e7\u0131n\u0131lmazd\u0131r, d\u00fczenli olarak g\u00fc\u00e7l\u00fc elektrik s\u00fcp\u00fcrgesi ile temizlenen hal\u0131larda t\u00fcy d\u00f6k\u00fclmesi k\u0131sa s\u00fcrede azalacakt\u0131r.<br>12- Farkl\u0131 zamanlarda \u00fcretim yap\u0131lm\u0131\u015f hal\u0131larda ton (lot) farkl\u0131l\u0131klar\u0131 olmas\u0131 do\u011fald\u0131r.<br>13- A\u011f\u0131rl\u0131k alt\u0131nda kalan hal\u0131 \u00e7ekilerek \u00e7\u0131kart\u0131lmak istenirse overlok ve s\u0131rt \u00f6rg\u00fcs\u00fcn\u00fcn s\u00f6k\u00fclmesine sebep olur.<br>14- Kullan\u0131m s\u0131ras\u0131na insan ve \u00e7evre sa\u011fl\u0131\u011f\u0131na tehlikeli veya zararl\u0131 olabilecek durum tespit edilmemi\u015ftir.<br>15- T\u00fcketici \u015fik\u00e2yetlerini; T\u00fcketici mahkemelerine, t\u00fcketici hakem heyetlerine bildirebilirsiniz.<br>16- P.P ve PES hal\u0131larda, hal\u0131 yap\u0131m\u0131nda kullan\u0131lan elyaf\u0131n \u00f6zelli\u011finden dolay\u0131 kolay ve k\u0131sa s\u00fcrede ke\u00e7ele\u015fme, deforme vb. gibi olumsuz durumlar ger\u00e7ekle\u015febilir, bu hal\u0131lar al\u0131n\u0131rken kullan\u0131m yo\u011funlu\u011funun (trafik) az oldu\u011fu yerlerde kullan\u0131lmas\u0131 gereklili\u011fi g\u00f6z \u00f6n\u00fcnde bulundurulmal\u0131d\u0131r.<\/p>\n\n\n\n<p><\/p>\n\n\n\n<figure class=\"wp-block-image size-full\"><img decoding=\"async\" loading=\"lazy\" width=\"580\" height=\"676\" src=\"https:\/\/dinarsu.com.tr\/wp-content\/uploads\/2024\/02\/image.png\" alt=\"\" class=\"wp-image-11269\" srcset=\"https:\/\/dinarsu.com.tr\/wp-content\/uploads\/2024\/02\/image.png 580w, https:\/\/dinarsu.com.tr\/wp-content\/uploads\/2024\/02\/image-257x300.png 257w\" sizes=\"(max-width: 580px) 100vw, 580px\" \/><\/figure>\n","protected":false},"excerpt":{"rendered":"<p>1- Hal\u0131 temizlenirken \u00e7\u0131rp\u0131lmamal\u0131, d\u00f6v\u00fclmemeli, g\u00fc\u00e7l\u00fc ve tercihen f\u0131r\u00e7al\u0131 elektrikli s\u00fcp\u00fcrge ile her g\u00fcn temizlenmelidir.2- Hal\u0131n\u0131n \u00fczerine konan sert cisim ve e\u015fyalar uzun s\u00fcre ayn\u0131 yerde b\u0131rak\u0131lmamal\u0131 belli aral\u0131klarla hal\u0131n\u0131n ve e\u015fyan\u0131n yeri de\u011fi\u015ftirilmelidir.3- Hal\u0131larda g\u00f6r\u00fclen g\u00f6lgelenmeler ve ayak izleri \u00fcretim kaynakl\u0131 bir sorun de\u011fildir. Bu durum hal\u0131n\u0131n kullan\u0131m yerinin trafik yo\u011funlu\u011funa, kullan\u0131lan elyaf\u0131n parlakl\u0131\u011f\u0131na [&hellip;]<\/p>\n","protected":false},"author":1,"featured_media":11272,"parent":0,"menu_order":0,"comment_status":"closed","ping_status":"closed","template":"","meta":[],"acf":[],"_links":{"self":[{"href":"https:\/\/dinarsu.com.tr\/en\/wp-json\/wp\/v2\/pages\/11265"}],"collection":[{"href":"https:\/\/dinarsu.com.tr\/en\/wp-json\/wp\/v2\/pages"}],"about":[{"href":"https:\/\/dinarsu.com.tr\/en\/wp-json\/wp\/v2\/types\/page"}],"author":[{"embeddable":true,"href":"https:\/\/dinarsu.com.tr\/en\/wp-json\/wp\/v2\/users\/1"}],"replies":[{"embeddable":true,"href":"https:\/\/dinarsu.com.tr\/en\/wp-json\/wp\/v2\/comments?post=11265"}],"version-history":[{"count":4,"href":"https:\/\/dinarsu.com.tr\/en\/wp-json\/wp\/v2\/pages\/11265\/revisions"}],"predecessor-version":[{"id":11276,"href":"https:\/\/dinarsu.com.tr\/en\/wp-json\/wp\/v2\/pages\/11265\/revisions\/11276"}],"wp:featuredmedia":[{"embeddable":true,"href":"https:\/\/dinarsu.com.tr\/en\/wp-json\/wp\/v2\/media\/11272"}],"wp:attachment":[{"href":"https:\/\/dinarsu.com.tr\/en\/wp-json\/wp\/v2\/media?parent=11265"}],"curies":[{"name":"wp","href":"https:\/\/api.w.org\/{rel}","templated":true}]}}